{"id":239,"date":"2019-11-14T06:41:52","date_gmt":"2019-11-14T06:41:52","guid":{"rendered":"https:\/\/discovering-talent.com\/?page_id=239"},"modified":"2019-11-19T01:06:01","modified_gmt":"2019-11-19T01:06:01","slug":"aviso-legal","status":"publish","type":"page","link":"https:\/\/discovering-talent.com\/?page_id=239","title":{"rendered":"Aviso Legal"},"content":{"rendered":"\n<p>Identificaci\u00f3n y Titularidad<\/p>\n\n\n\n<p style=\"font-size:17px\">En cumplimiento del art\u00edculo 10 de la Ley 34\/2002, de 11 de\njulio, de Servicios de la Sociedad de la Informaci\u00f3n y Comercio Electr\u00f3nico, a\ncontinuaci\u00f3n se exponen los datos identificativos del titular.<\/p>\n\n\n\n<p style=\"font-size:17px\">* Titular: TALENTO SOBRE RUEDAS, S.L. <\/p>\n\n\n\n<p style=\"font-size:17px\">* NIF\/CIF:B88403837<\/p>\n\n\n\n<p style=\"font-size:17px\">* Domicilio: Avda.&nbsp;\nIsabel de Farnesio 6. Bloque 3. 1\u00ba- 3<\/p>\n\n\n\n<p style=\"font-size:17px\">* Correo electr\u00f3nico: info@discovering-talent.com<\/p>\n\n\n\n<p style=\"font-size:17px\">Finalidad<\/p>\n\n\n\n<p style=\"font-size:17px\">La finalidad del sitio web <a href=\"https:\/\/www.cs4.com.es\">www.discovering-talent.com<\/a>\nes Informar sobre nuestros servicios y precios y ofrecer nuestro contacto a\nposibles clientes para la venta de los mismos.<\/p>\n\n\n\n<p style=\"font-size:17px\">Condiciones de Uso<\/p>\n\n\n\n<p style=\"font-size:17px\">La utilizaci\u00f3n de <a href=\"https:\/\/www.cs4.com.es\">www.discovering-talent.com<\/a>\notorga la condici\u00f3n de Usuario de la p\u00e1gina web, e implica la aceptaci\u00f3n\ncompleta de todas las cl\u00e1usulas y condiciones incluidas en:<\/p>\n\n\n\n<p style=\"font-size:17px\">* Aviso Legal<\/p>\n\n\n\n<p>* Pol\u00edtica de Privacidad<\/p>\n\n\n\n<p>* Pol\u00edtica de Cookies<\/p>\n\n\n\n<p style=\"font-size:17px\">Si el Usuario no est\u00e1 conforme con estas cl\u00e1usulas y\ncondiciones de uso de este Aviso Legal se abstendr\u00e1 de utilizar el sitio www.discovering-talent.com\n.<\/p>\n\n\n\n<p style=\"font-size:17px\">El Usuario queda informado, y acepta, que el acceso a www.discovering-talent.comno supone, en modo alguno, el inicio de una relaci\u00f3n comercial con TALENTO SOBRE RUEDAS, S.L. \u00a0A trav\u00e9s www.discovering-talent.com TALENTO SOBRE RUEDAS, S.L. \u00a0facilita al Usuario el acceso y la utilizaci\u00f3n de diversos contenidos publicados por medio de Internet.<\/p>\n\n\n\n<p style=\"font-size:17px\">A tal efecto, el Usuario se obliga y se compromete a NO\nutilizar cualquiera de los contenidos con fines o efectos il\u00edcitos, prohibidos\nen el Aviso Legal o por la legislaci\u00f3n vigente, lesivos de los derechos e\nintereses de terceros, o que de cualquier forma puedan da\u00f1ar, inutilizar,\nsobrecargar, deteriorar o impedir la normal utilizaci\u00f3n de los Contenidos, los\nequipos inform\u00e1ticos o los documentos, archivos y toda clase de contenidos\nalmacenados en cualquier equipo inform\u00e1tico propios o contratados por TALENTO\nSOBRE RUEDAS, S.L. , de otros usuarios o de cualquier usuario de Internet.<\/p>\n\n\n\n<p style=\"font-size:17px\">TALENTO SOBRE RUEDAS, S.L. &nbsp;se reserva el derecho de retirar todo aquellos\ncomentarios que vulneren la legislaci\u00f3n vigente, lesivos de los derechos o\nintereses de terceros, o que, a su juicio, no resulten adecuados para su\npublicaci\u00f3n.<\/p>\n\n\n\n<p style=\"font-size:17px\">TALENTO SOBRE RUEDAS, S.L. &nbsp;no ser\u00e1 responsable de las opiniones vertidas\npor los usuarios a trav\u00e9s del sistema de comentarios, redes sociales u otras\nherramientas de participaci\u00f3n, conforme a lo previsto en la normativa de\naplicaci\u00f3n.<\/p>\n\n\n\n<p style=\"font-size:17px\">Medidas de seguridad<\/p>\n\n\n\n<p>Los datos personales comunicados por el Usuario a TALENTO\nSOBRE RUEDAS, S.L. &nbsp;pueden ser\nalmacenados en bases de datos automatizadas o no, cuya titularidad corresponde\nen exclusiva a TALENTO SOBRE RUEDAS, S.L. , asumiendo \u00e9sta todas las medidas de\n\u00edndole t\u00e9cnica, organizativa y de seguridad que garantizan la confidencialidad,\nintegridad y calidad de la informaci\u00f3n contenida en las mismas de acuerdo con\nlo establecido en la normativa vigente en protecci\u00f3n de datos.<\/p>\n\n\n\n<p>No obstante, el Usuario debe ser consciente de que las\nmedidas de seguridad de los sistemas inform\u00e1ticos en Internet no son\nenteramente fiables y que, por tanto TALENTO SOBRE RUEDAS, S.L. &nbsp;no puede garantizar la inexistencia de virus u\notros elementos que puedan producir alteraciones en los sistemas inform\u00e1ticos\n(software y hardware) del Usuario o en sus documentos electr\u00f3nicos y ficheros\ncontenidos en los mismos aunque se ponen todos los medios necesarios y las\nmedidas de seguridad oportunas para evitar la presencia de estos elementos\nda\u00f1inos.<\/p>\n\n\n\n<p>Datos personales que recabamos y c\u00f3mo lo hacemos Puedes\nconsultar toda la informaci\u00f3n relativa a los datos personales que recogemos en\nla p\u00e1gina de Pol\u00edtica de Privacidad.<\/p>\n\n\n\n<p>TALENTO SOBRE RUEDAS, S.L. &nbsp;ha obtenido la informaci\u00f3n y los materiales\nincluidos en internet de fuentes que considera fiables, pero, si bien se han\ntomado medidas razonables para asegurarse de que la informaci\u00f3n contenida es\ncorrecta, TALENTO SOBRE RUEDAS, S.L. &nbsp;no\ngarantiza que sea exacta, completa, o actualizada. TALENTO SOBRE RUEDAS, S.L. &nbsp;declina expresamente cualquier responsabilidad\npor error u omisi\u00f3n en la informaci\u00f3n contenida en las p\u00e1ginas de www.discovering-talent.com\n.<\/p>\n\n\n\n<p>Queda prohibido transmitir o enviar a trav\u00e9s de la Web\ncualquier contenido ilegal o il\u00edcito, virus inform\u00e1ticos, o mensajes que, en\ngeneral, afecten o violen derechos de TALENTO SOBRE RUEDAS, S.L. &nbsp;o de terceros.<\/p>\n\n\n\n<p>Los contenidos de <a href=\"https:\/\/www.cs4.com.es\">www.discovering-talent.com<\/a>\ntienen \u00fanicamente finalidad informativa y bajo ninguna circunstancia deben\nusarse ni considerarse como oferta de venta, solicitud de una oferta de compra\nni recomendaci\u00f3n para realizar cualquier otra operaci\u00f3n, salvo que as\u00ed se\nindique expresamente.<\/p>\n\n\n\n<p>TALENTO SOBRE RUEDAS, S.L. &nbsp;se reserva el derecho a modificar, suspender,\ncancelar o restringir el contenido de www.discovering-talent.com, los v\u00ednculos\no la informaci\u00f3n obtenida a trav\u00e9s de ella, sin necesidad de previo aviso. TALENTO\nSOBRE RUEDAS, S.L. &nbsp;no es responsable de\nlos datos y perjuicios que pudieran derivarse de la utilizaci\u00f3n de los\ndocumentos por el Usuario.<\/p>\n\n\n\n<p>Pol\u00edtica de cookies<\/p>\n\n\n\n<p>Puede consultar aqu\u00ed la pol\u00edtica de cookies.<\/p>\n\n\n\n<p>Enlaces de acceso a otros sitios web TALENTO SOBRE RUEDAS,\nS.L. &nbsp;proporciona al Usuario el acceso a\notros sitios Web de terceros mediante enlaces con la finalidad exclusiva de\ninformarle sobre la existencia de otras fuentes de informaci\u00f3n en Internet con\nlas que podr\u00e1 ampliar los datos que se le ofrecen en www.discovering-talent.com\n.<\/p>\n\n\n\n<p>Estos enlaces a otros sitios web no suponen en ning\u00fan caso\nuna sugerencia o recomendaci\u00f3n de visitar las p\u00e1ginas web de destino, que est\u00e1n\nfuera del control de TALENTO SOBRE RUEDAS, S.L. , por lo que TALENTO SOBRE\nRUEDAS, S.L. &nbsp;no es responsable del\ncontenido de los sitios web vinculados ni del resultado obtenido por el Usuario\nal seguir los enlaces.<\/p>\n\n\n\n<p>Asimismo TALENTO SOBRE RUEDAS, S.L. &nbsp;no responde de los links o enlaces ubicados en\nlos sitios vinculados a los que proporciona acceso.<\/p>\n\n\n\n<p>El establecimiento del enlace no implica en ning\u00fan caso la\nexistencia de relaciones entre TALENTO SOBRE RUEDAS, S.L. &nbsp;y el propietario del sitio en el que se\nestablezca el enlace, ni la aceptaci\u00f3n o aprobaci\u00f3n por parte de TALENTO SOBRE\nRUEDAS, S.L. &nbsp;de sus contenidos o\nservicios.<\/p>\n\n\n\n<p>Si accedes a un sitio externo desde un enlace que encuentres\nen <a href=\"http:\/\/www.discovering-talent.com\">www.discovering-talent.com<\/a> deber\u00e1s\nleer la propia pol\u00edtica de privacidad del otro sitio, que puede cambiar de la\nde www.discovering-talent.com <\/p>\n\n\n\n<p>Propiedad intelectual e industrial<\/p>\n\n\n\n<p>Todos los derechos est\u00e1n reservados. Todo acceso a www.discovering-talent.comest\u00e1\nsujeto a las siguientes condiciones: la reproducci\u00f3n, almacenaje permanente y\nla difusi\u00f3n de los contenidos o cualquier otro uso que tenga finalidad p\u00fablica\no comercial queda expresamente prohibida sin el consentimiento previo expreso y\npor escrito de TALENTO SOBRE RUEDAS, S.L. <\/p>\n\n\n\n<p>Limitaci\u00f3n de responsabilidad<\/p>\n\n\n\n<p>La informaci\u00f3n y servicios incluidos o disponibles a trav\u00e9s\ndel sitio www.discovering-talent.compueden incluir incorrecciones o errores\ntipogr\u00e1ficos. De forma peri\u00f3dica se incorporan cambios a la informaci\u00f3n\ncontenida. TALENTO SOBRE RUEDAS, S.L. &nbsp;puede introducir en cualquier momento mejoras\ny\/o cambios en los servicios o contenidos.<\/p>\n\n\n\n<p>TALENTO SOBRE RUEDAS, S.L. &nbsp;declina cualquier responsabilidad en caso de\nque existan interrupciones o un mal funcionamiento de los servicios o\ncontenidos ofrecidos e Internet, cualquiera que sea su causa. Asimismo, TALENTO\nSOBRE RUEDAS, S.L. &nbsp;no se hace\nresponsable por ca\u00eddas de la red, p\u00e9rdidas de negocio a consecuencia de dichas\nca\u00eddas, suspensiones temporales de fluido el\u00e9ctrico o cualquier otro tipo de\nda\u00f1o indirecto que le pueda ser causado al Usuario por causas ajenas a TALENTO\nSOBRE RUEDAS, S.L. <\/p>\n\n\n\n<p>TALENTO SOBRE RUEDAS, S.L. &nbsp;no declara ni garantiza que los servicios o\ncontenidos sean interrumpidos o que est\u00e9n libres de errores, que los defectos\nsean corregidos, o que el servicio o el servidor que lo pone a disposici\u00f3n\nest\u00e9n libres de virus u otros componentes nocivos sin perjuicio de TALENTO\nSOBRE RUEDAS, S.L. &nbsp;realiza sus mejores\nesfuerzos en evitar este tipo de incidentes. En caso de que el Usuario tomara\ndeterminadas decisiones o realizara acciones con base a la informaci\u00f3n incluida\nen cualquiera de los sitios Web, se recomienda la comprobaci\u00f3n de la\ninformaci\u00f3n recibida con otras fuentes.<\/p>\n\n\n\n<p>Jurisdicci\u00f3n<\/p>\n\n\n\n<p>Este Aviso Legal se rige \u00edntegramente por la legislaci\u00f3n\nespa\u00f1ola.<\/p>\n\n\n\n<p>Siempre que no haya una norma que obligue a otra cosa, para\ncuantas cuestiones se susciten sobre la interpretaci\u00f3n, aplicaci\u00f3n y\ncumplimiento de este Aviso Legal, as\u00ed como de las reclamaciones que puedan\nderivarse de su uso, las partes acuerdan someterse a los Jueces y Tribunales de\nla provincia de Sevilla, con renuncia expresa de cualquier otra jurisdicci\u00f3n\nque pudiera corresponderles.<\/p>\n\n\n\n<p>Contacto<\/p>\n\n\n\n<p>En caso de que cualquier Usuario tuviese alguna duda acerca\nde estas Condiciones legales o cualquier comentario sobre www.discovering-talent.com\n, puede enviar un correo a info@discovering-talent.com<\/p>\n\n\n\n<p>TALENTO SOBRE RUEDAS, S.L. &nbsp;&nbsp;con CIFB88403837\ny domicilio en Avda Isabel de Farnesio 6. Bloque 3. 1\u00ba- 3, a trav\u00e9s de su sitio\n<a href=\"http:\/\/www.discovering-talent.com\">www.discovering-talent.com<\/a> pone\na su disposici\u00f3n contenidos de car\u00e1cter informativo sobre las actividades y\nservicios que desarrolla.<\/p>\n\n\n\n<p>Las presentes condiciones generales son v\u00e1lidas para todas y\ncada una de las p\u00e1ginas y cada vez que usa cualquier tipo de contenido y\nformulario del sitio en cuesti\u00f3n. En todo momento quedan expuestas las\npresentes para que el USUARIO pueda leerlas, imprimirlas, archivarlas. El\nformulario de contacto tiene como requisito de env\u00edo la aceptaci\u00f3n de la\nPol\u00edtica de Privacidad.<\/p>\n\n\n\n<p>Acceder al sitio web www.discovering-talent.comimplica sin\nreservas la aceptaci\u00f3n de las presentes condiciones generales de uso que el\nUSUARIO afirma comprender en su totalidad. El USUARIO se compromete a no\nutilizar el sitio web y los servicios ofrecidos en el mismo para realizar\nactividades contrarias a la ley y a respetar en todo momento las presentes\ncondiciones generales.<\/p>\n\n\n\n<p>Condiciones de acceso y uso:<\/p>\n\n\n\n<p>La utilizaci\u00f3n del sitio web www.discovering-talent.comno\nconlleva la obligatoriedad de inscripci\u00f3n del USUARIO. Las condiciones de\nacceso y uso del presente sitio web se rigen estrictamente por la legalidad\nvigente y por el principio de buena fe comprometi\u00e9ndose el USUARIO a realizar\nun buen uso de la web. Quedan prohibidos todos los actos que vulneren la\nlegalidad, derechos o intereses de terceros: derecho a la intimidad, protecci\u00f3n\nde datos, propiedad intelectual, etc.<\/p>\n\n\n\n<p>Este Aviso Legal est\u00e1 sujeto a cambios y actualizaciones,\npor lo que la versi\u00f3n publicada por www.discovering-talent.compuede ser\ndiferente en cada momento en que el USUARIO acceda al sitio. Por tanto, el\nUSUARIO debe leer el Aviso Legal en todas y cada una de las ocasiones que\nacceda al sitio.<\/p>\n\n\n\n<p>A trav\u00e9s del www.discovering-talent.com se facilita a los\nUSUARIOS el acceso y utilizaci\u00f3n de diversos contenidos publicados por medio de\nwww.discovering-talent.como terceros autorizados. El usuario est\u00e1 obligado y se\ncompromete a utilizar el sitio y los contenidos de conformidad con la\nlegislaci\u00f3n vigente, el Aviso Legal, y cualquier otro aviso o instrucciones\npuestos en su conocimiento, bien por medio del presente o a trav\u00e9s de otro\nlugar dentro de los contenidos del sitio, as\u00ed como las normas de convivencia,\nla moral y las buenas costumbres generalmente aceptadas.<\/p>\n\n\n\n<p>El USUARIO se obliga y se compromete a no transmitir,\ndifundir o poner a disposici\u00f3n de terceros cualquier material contenido en el\nsitio (informaci\u00f3n, texto, datos, contenidos, mensajes dibujos, archivos de\nsonido e imagen, fotograf\u00eda, software, logotipos, marcas, iconos, tecnolog\u00eda,\nenlaces, dise\u00f1o gr\u00e1fico, c\u00f3digo fuente u otro material al que tuviera acceso\ncomo USUARIO del sitio, sin que esta enumeraci\u00f3n tenga car\u00e1cter limitativo.<\/p>\n\n\n\n<p>Expresamente TALENTO SOBRE RUEDAS, S.L. &nbsp;proh\u00edbe lo siguiente:<\/p>\n\n\n\n<p>Acciones que puedan producir en el sitio o a trav\u00e9s del\nmismo por cualquier medio, cualquier tipo de da\u00f1o a los sistemas de www.discovering-talent.como\na terceros.<\/p>\n\n\n\n<p>Realizar indebidamente cualquier tipo de publicidad o\ninformaci\u00f3n comercial sin autorizaci\u00f3n, el env\u00edo de correos masivos o env\u00edo de\ngrandes mensajes con el fin de bloquear servidores de red.<\/p>\n\n\n\n<p>Propiedad Intelectual<\/p>\n\n\n\n<p>El c\u00f3digo fuente, los dise\u00f1os gr\u00e1ficos, las im\u00e1genes, las\nfotograf\u00edas, los sonidos, las animaciones, el software, los textos, as\u00ed como la\ninformaci\u00f3n y los contenidos que se recogen en www.discovering-talent.com est\u00e1n\nprotegidos por la legislaci\u00f3n espa\u00f1ola sobre los derechos de propiedad\nintelectual e industrial a favor de TALENTO SOBRE RUEDAS, S.L. &nbsp;y no se permite la reproducci\u00f3n y\/o\npublicaci\u00f3n, total o parcial, del sitio web, ni su tratamiento inform\u00e1tico, su\ndistribuci\u00f3n, su difusi\u00f3n, ni su modificaci\u00f3n, transformaci\u00f3n o descompilaci\u00f3n,\nni dem\u00e1s derechos reconocidos legalmente a su titular, sin el permiso previo y\npor escrito del mismo, nombre de la empresa.<\/p>\n\n\n\n<p>El usuario, \u00fanica y exclusivamente, puede utilizar el\nmaterial que aparezca en este sitio web para su uso personal y privado,\nquedando prohibido su uso con fines comerciales o para incurrir en actividades\nil\u00edcitas. Todos los derechos derivados de la propiedad intelectual est\u00e1n\nexpresamente reservados por TALENTO SOBRE RUEDAS, S.L. &nbsp;&nbsp;TALENTO SOBRE RUEDAS, S.L. &nbsp;&nbsp;velar\u00e1 por el cumplimiento de las anteriores\ncondiciones como por la debida utilizaci\u00f3n de los contenidos presentados en sus\np\u00e1ginas web, ejercitando todas las acciones civiles y penales que le\ncorrespondan en el caso de infracci\u00f3n o incumplimiento de estos derechos por\nparte del usuario.<\/p>\n\n\n\n<p>Protecci\u00f3n de datos de car\u00e1cter personal<\/p>\n\n\n\n<p>En el marco del cumplimiento de la legislaci\u00f3n vigente,\nrecogida en la Ley Org\u00e1nica 15\/1999, de 13 de diciembre, sobre protecci\u00f3n de\nDatos de Car\u00e1cter Personal (LOPD), cuyo objeto es garantizar y proteger, en lo\nque concierne al tratamiento de los datos personales, las libertades y derechos\nfundamentales de las personas f\u00edsicas, y especialmente de su honor e intimidad\npersonal, TALENTO SOBRE RUEDAS, S.L. &nbsp;,\ninforma a los usuarios de que ha adoptado las medidas t\u00e9cnicas y organizativas\nconforme a lo dispuesto en la normativa vigente.<\/p>\n\n\n\n<p>Los Datos de Car\u00e1cter Personal que recoge www.discovering-talent.comson\nobjeto de tratamiento automatizado y se incorporan debidamente registrados en\nla Agencia de Protecci\u00f3n de Datos, cuya titularidad corresponde a TALENTO SOBRE\nRUEDAS, S.L. &nbsp;&nbsp;Los Datos de car\u00e1cter\npersonal obtenidos en el formulario para el registro de nombres de dominio son\ntransferidos a la Autoridad u \u00d3rgano Nacional o Internacional registrante\ncompetente. Esta transferencia tiene como objetivo, \u00fanica y exclusivamente, el\ncumplimiento de fines directamente relacionados con las funciones leg\u00edtimas del\ncedente (TALENTO SOBRE RUEDAS, S.L. ) a trav\u00e9s del contrato, es decir, el\nregistro del nombre de dominio. La recogida y tratamiento automatizado de los\nDatos de Car\u00e1cter Personal tiene como finalidad el mantenimiento de la relaci\u00f3n\ncontractual que en su caso se establezca con DISCOVERING TALENT<\/p>\n\n\n\n<p>TALENTO SOBRE RUEDAS, S.L. , as\u00ed como el desempe\u00f1o de las\ntareas de informaci\u00f3n, formaci\u00f3n, comercializaci\u00f3n (tarea esta \u00faltima siempre\nidentificada como tal) y otras<\/p>\n\n\n\n<p>actividades propias de TALENTO SOBRE RUEDAS, S.L. <\/p>\n\n\n\n<p>TALENTO SOBRE RUEDAS, S.L. , ha adoptado los niveles de\nseguridad adecuados a los datos que se facilitan y, adem\u00e1s, se han instalado\ntodos los medios y medidas t\u00e9cnicas a su alcance para evitar la p\u00e9rdida, mal\nuso, alteraci\u00f3n, acceso no autorizado y robo de los datos que nos facilitan. El\nusuario podr\u00e1, en todo momento, ejercitar los derechos reconocidos en la LOPD,\nde acceso, rectificaci\u00f3n, cancelaci\u00f3n y oposici\u00f3n mediante correo electr\u00f3nico <a href=\"mailto:admin@cs4.com.es\">info@discovering-talent.com<\/a> adjuntando copia\nde DNI.<\/p>\n\n\n\n<p>POL\u00cdTICA DE COOKIES<\/p>\n\n\n\n<p>TALENTO SOBRE RUEDAS, S.L. , a trav\u00e9s del presente\ndocumento, recoge su Pol\u00edtica de recogida y tratamiento de cookies, en\ncumplimiento de lo dispuesto en el art\u00edculo 22.2 de la Ley 34\/2002, de 11 de\njulio, de Servicios de la Sociedad de la Informaci\u00f3n y de Comercio Electr\u00f3nico.<\/p>\n\n\n\n<p>Las cookies se almacenan en el equipo terminal del usuario\n(ordenador o dispositivo m\u00f3vil) y recopilan informaci\u00f3n al visitar la p\u00e1gina\nweb www.discovering-talent.com, con la finalidad de mejorar la usabilidad de\nlas mismas, conocer los h\u00e1bitos o necesidades de navegaci\u00f3n de los usuarios\npara poder adaptarse a los mismos, as\u00ed como obtener informaci\u00f3n con fines\nestad\u00edsticos. En el caso de aquellos usuarios que ya sean clientes, la\ninformaci\u00f3n recabada con las cookies servir\u00e1 tambi\u00e9n para su identificaci\u00f3n al\nacceder a las distintas herramientas que ponemos a su disposici\u00f3n para la\ngesti\u00f3n de los servicios.<\/p>\n\n\n\n<p>La presente Pol\u00edtica de Cookies ser\u00e1 de aplicaci\u00f3n a\naquellos usuarios que voluntariamente visitan las p\u00e1ginas web de www.discovering-talent.com,\ncumplimentan formularios de recogida de datos, acceden a las herramientas que\nponemos a disposici\u00f3n de clientes para gestionar sus servicios, o utilizan\ncualquier otro servicio presente en el sitio web que implique la comunicaci\u00f3n\nde datos a www.discovering-talent.com, o el acceso a datos para la prestaci\u00f3n\nde sus servicios.<\/p>\n\n\n\n<p>TALENTO SOBRE RUEDAS, S.L. , informa a los usuarios de sus\np\u00e1ginas web, de la existencia de cookies y pone a su disposici\u00f3n la presente\nPol\u00edtica con la finalidad de informarles acerca del uso y del objeto de las\nmismas. El hecho de continuar la navegaci\u00f3n a trav\u00e9s de sus p\u00e1ginas, supone el\nconocimiento y la aceptaci\u00f3n de la presente Pol\u00edtica por parte de dichos\nusuarios.<\/p>\n\n\n\n<p>www.discovering-talent.com utiliza los siguientes tipos de\ncookies:<\/p>\n\n\n\n<p>Clasificadas por su titularidad:<\/p>\n\n\n\n<p>Cookies propias: enviadas y gestionadas directamente por www.discovering-talent.com.<\/p>\n\n\n\n<p>Cookies de terceros: enviadas y gestionadas por un tercero\najeno, de forma an\u00f3nima, con la&nbsp;\nfinalidad de realizar estudios estad\u00edsticos de navegaci\u00f3n por las\np\u00e1ginas web de nuestro sitio.<\/p>\n\n\n\n<p>Clasificadas por su finalidad:<\/p>\n\n\n\n<p>Cookies t\u00e9cnicas y\/o de personalizaci\u00f3n: facilitan la\nnavegaci\u00f3n, al identificar la sesi\u00f3n, permitir el acceso a herramientas de\nacceso restringido, adem\u00e1s de configurar a medida las opciones disponibles.\nPosibilitan la prestaci\u00f3n del servicio solicitado previamente por el usuario.<\/p>\n\n\n\n<p>Cookies de an\u00e1lisis y\/o publicidad: permiten conocer el\nn\u00famero de visitas recibidas en las diferentes secciones de las p\u00e1ginas web, los\nh\u00e1bitos y tendencias de sus usuarios y en consecuencia, poder mejorar la\nnavegaci\u00f3n y el servicio ofrecido por unaex (fundamentalmente, Google\nAnalytics), as\u00ed como gestionar los espacios publicitarios incluidos en la\np\u00e1gina web visitada por el usuario. Recopila datos de forma an\u00f3nima con la\nfinalidad de obtener perfiles de navegaci\u00f3n de los usuarios.<\/p>\n\n\n\n<p>Clasificadas por su duraci\u00f3n:<\/p>\n\n\n\n<p>Cookies de sesi\u00f3n: recaban y almacenan los datos mientras el\nusuario accede a la p\u00e1gina web.<\/p>\n\n\n\n<p>Cookies persistentes: recaban y almacenan los datos en el\nterminal del usuario durante un periodo de tiempo variable en funci\u00f3n de cu\u00e1l\nsea la finalidad para la que han sido utilizadas. El tiempo de conservaci\u00f3n de\nlas cookies depender\u00e1 del tipo de que se trate y siempre ser\u00e1 el m\u00ednimo\nindispensable para cumplir su finalidad.<\/p>\n\n\n\n<p>En cualquier caso, los usuarios pueden configurar su\nnavegador, de manera que se deshabilite o bloquee la recepci\u00f3n de todas o\nalgunas de las cookies. El hecho de no desear recibir estas cookies, no\nconstituye un impedimento para poder acceder a la informaci\u00f3n de los sitios web\nde www.discovering-talent.comaunque el uso de algunos servicios podr\u00e1 ser\nlimitado. Si una vez otorgado el consentimiento para la recepci\u00f3n de cookies,\nse desease retirar \u00e9ste, se deber\u00e1n eliminar aquellas almacenadas en el equipo\ndel usuario, a trav\u00e9s de las opciones de los diferentes navegadores.<\/p>\n\n\n\n<p>TALENTO SOBRE RUEDAS, S.L. &nbsp;&nbsp;Modificar\u00e1 la presente Pol\u00edtica de cookies\nsiempre que se produzcan cambios en la configuraci\u00f3n y\/o utilizaci\u00f3n de las\nmismas, publicando su versi\u00f3n actualizada en sus sitios web.<\/p>\n\n\n\n<p>Jurisdicci\u00f3n<\/p>\n\n\n\n<p>Para cuantas cuestiones se susciten sobre la interpretaci\u00f3n,\naplicaci\u00f3n y cumplimiento de este Aviso Legal, as\u00ed como de las reclamaciones\nque puedan derivarse de su uso, todas las partes intervinientes se someten a\nlos Jueces y Tribunales de Sevilla, renunciando de forma expresa a cualquier\notro fuero que pudiera corresponderles. En caso de contrataci\u00f3n con consumidores,\nla competencia judicial se regir\u00e1 por la normativa que resulte de aplicaci\u00f3n.\nLegislaci\u00f3n aplicable<\/p>\n\n\n\n<p>Reservados todos los derechos de autor por las leyes y\ntratados internacionales de propiedad intelectual. Queda expresamente prohibida\ncopia, reproducci\u00f3n o difusi\u00f3n, total o parcial, por cualquier medio.<\/p>\n","protected":false},"excerpt":{"rendered":"<p>Identificaci\u00f3n y Titularidad En cumplimiento del art\u00edculo 10 de la Ley 34\/2002, de 11 de julio, de Servicios de la Sociedad de la Informaci\u00f3n y Comercio Electr\u00f3nico, a continuaci\u00f3n se exponen los datos identificativos del titular. * Titular: TALENTO SOBRE RUEDAS, S.L. * NIF\/CIF:B88403837 * Domicilio: Avda.&nbsp; Isabel de Farnesio 6. Bloque 3. 1\u00ba- 3 [&hellip;]<\/p>\n","protected":false},"author":1,"featured_media":0,"parent":0,"menu_order":0,"comment_status":"closed","ping_status":"closed","template":"","meta":{"spay_email":""},"_links":{"self":[{"href":"https:\/\/discovering-talent.com\/index.php?rest_route=\/wp\/v2\/pages\/239"}],"collection":[{"href":"https:\/\/discovering-talent.com\/index.php?rest_route=\/wp\/v2\/pages"}],"about":[{"href":"https:\/\/discovering-talent.com\/index.php?rest_route=\/wp\/v2\/types\/page"}],"author":[{"embeddable":true,"href":"https:\/\/discovering-talent.com\/index.php?rest_route=\/wp\/v2\/users\/1"}],"replies":[{"embeddable":true,"href":"https:\/\/discovering-talent.com\/index.php?rest_route=%2Fwp%2Fv2%2Fcomments&post=239"}],"version-history":[{"count":2,"href":"https:\/\/discovering-talent.com\/index.php?rest_route=\/wp\/v2\/pages\/239\/revisions"}],"predecessor-version":[{"id":283,"href":"https:\/\/discovering-talent.com\/index.php?rest_route=\/wp\/v2\/pages\/239\/revisions\/283"}],"wp:attachment":[{"href":"https:\/\/discovering-talent.com\/index.php?rest_route=%2Fwp%2Fv2%2Fmedia&parent=239"}],"curies":[{"name":"wp","href":"https:\/\/api.w.org\/{rel}","templated":true}]}}